{"id":8,"date":"2025-02-26T13:39:52","date_gmt":"2025-02-26T13:39:52","guid":{"rendered":"http:\/\/glowface.pl\/?page_id=8"},"modified":"2025-04-11T22:00:40","modified_gmt":"2025-04-11T22:00:40","slug":"strona-glowna","status":"publish","type":"page","link":"https:\/\/glowface.pl\/","title":{"rendered":"Strona G\u0142\u00f3wna"},"content":{"rendered":"\n<p style=\"line-height:1.9\">Glow Face Magdalena Pasieczna to przestrzen\u0301, w kto\u0301rej naturalne terapie spotykaja\u0328 sie\u0328 z g\u0142e\u0328boka\u0328 regeneracja\u0328 i odpre\u0328z\u0307eniem. Specjalizuje\u0328 sie\u0328 w japon\u0301skim masaz\u0307u Kobido, terapii bruksizmu, masaz\u0307u transbukalnym oraz modelowaniu twarzy metoda\u0328 Korugi. Ponadto w mojej ofercie znajdziesz modeluja\u0328cy masaz\u0307 brzucha z elementami terapii wiscelarnej oraz przepony.<\/p>\n\n\n\n<p>Je\u015bli interesujesz si\u0119 naturalnymi metodami utrzymania zdrowia i pi\u0119knego, m\u0142odzie\u0144czego wygl\u0105du oraz chcia\u0142aby\u015b\/ chcia\u0142by\u015b zg\u0142\u0119bi\u0107 najskuteczniejsze techniki z zakresu terapii manualnej, zapraszam Ci\u0119 na indywidualne szkolenie lub warsztaty z mojej autorskiej terapii Glow Face\u2728<br>Dzielenie si\u0119 pasj\u0105 i do\u015bwiadczeniem w zakresie naturalnych metod odm\u0142adzania twarzy oraz utrzymania cia\u0142a w zdrowiu i dobrej kondycji, sprawia mi ogromn\u0105 przyjemno\u015b\u0107 .<\/p>\n\n\n\n<p style=\"line-height:1.9\">Wierze\u0328, z\u0307e pie\u0328kno i dobre samopoczucie zaczynaja\u0328 sie\u0328 od ro\u0301wnowagi. Dlatego moja autorska terapia jest holistycznym po\u0142a\u0328czeniem pracy z cia\u0142em, twarza\u0328 i emocjami. Wykorzystuje\u0328 takz\u0307e aromaterapie\u0328 oraz wiedze\u0328 z zakresu coachingu, aby pomo\u0301c Ci osia\u0328gna\u0328c\u0301 pe\u0142en relaks i wewne\u0328trzna\u0328 harmonie\u0328.<\/p>\n\n\n\n<p style=\"line-height:1.9\">Pozwo\u0301l sobie na chwile\u0328 dla siebie \u2013 zadbaj o zdrowie, urode\u0328 i spoko\u0301j ducha w Glow Face.<\/p>\n\n\n\n<p><\/p>\n","protected":false},"excerpt":{"rendered":"<p>Glow Face Magdalena Pasieczna to przestrzen\u0301, w kto\u0301rej naturalne terapie spotykaja\u0328 sie\u0328 z g\u0142e\u0328boka\u0328 regeneracja\u0328 i odpre\u0328z\u0307eniem. Specjalizuje\u0328 sie\u0328 w japon\u0301skim masaz\u0307u Kobido, terapii bruksizmu, masaz\u0307u transbukalnym oraz modelowaniu twarzy metoda\u0328 Korugi. Ponadto w mojej ofercie znajdziesz modeluja\u0328cy masaz\u0307 brzucha z elementami terapii wiscelarnej oraz przepony. Je\u015bli interesujesz si\u0119 naturalnymi metodami utrzymania zdrowia i pi\u0119knego, &hellip; <\/p>\n<p class=\"link-more\"><a href=\"https:\/\/glowface.pl\/\" class=\"more-link\">Czytaj dalej<span class=\"screen-reader-text\"> \u201eStrona G\u0142\u00f3wna\u201d<\/span><\/a><\/p>\n","protected":false},"author":1,"featured_media":0,"parent":0,"menu_order":0,"comment_status":"closed","ping_status":"closed","template":"","meta":{"footnotes":""},"class_list":["post-8","page","type-page","status-publish","hentry"],"yoast_head":"<!-- This site is optimized with the Yoast SEO plugin v27.4 - https:\/\/yoast.com\/product\/yoast-seo-wordpress\/ -->\n<title>Strona G\u0142\u00f3wna - Glow Face<\/title>\n<meta name=\"robots\" content=\"index, follow, max-snippet:-1, max-image-preview:large, max-video-preview:-1\" \/>\n<link rel=\"canonical\" href=\"https:\/\/glowface.pl\/\" \/>\n<meta property=\"og:locale\" content=\"pl_PL\" \/>\n<meta property=\"og:type\" content=\"article\" \/>\n<meta property=\"og:title\" content=\"Strona G\u0142\u00f3wna - Glow Face\" \/>\n<meta property=\"og:description\" content=\"Glow Face Magdalena Pasieczna to przestrzen\u0301, w kto\u0301rej naturalne terapie spotykaja\u0328 sie\u0328 z g\u0142e\u0328boka\u0328 regeneracja\u0328 i odpre\u0328z\u0307eniem. Specjalizuje\u0328 sie\u0328 w japon\u0301skim masaz\u0307u Kobido, terapii bruksizmu, masaz\u0307u transbukalnym oraz modelowaniu twarzy metoda\u0328 Korugi. Ponadto w mojej ofercie znajdziesz modeluja\u0328cy masaz\u0307 brzucha z elementami terapii wiscelarnej oraz przepony. Je\u015bli interesujesz si\u0119 naturalnymi metodami utrzymania zdrowia i pi\u0119knego, &hellip; Czytaj dalej \u201eStrona G\u0142\u00f3wna\u201d\" \/>\n<meta property=\"og:url\" content=\"https:\/\/glowface.pl\/\" \/>\n<meta property=\"og:site_name\" content=\"Glow Face\" \/>\n<meta property=\"article:modified_time\" content=\"2025-04-11T22:00:40+00:00\" \/>\n<meta name=\"twitter:card\" content=\"summary_large_image\" \/>\n<meta name=\"twitter:label1\" content=\"Szacowany czas czytania\" \/>\n\t<meta name=\"twitter:data1\" content=\"1 minuta\" \/>\n<script type=\"application\/ld+json\" class=\"yoast-schema-graph\">{\"@context\":\"https:\\\/\\\/schema.org\",\"@graph\":[{\"@type\":\"WebPage\",\"@id\":\"https:\\\/\\\/glowface.pl\\\/\",\"url\":\"https:\\\/\\\/glowface.pl\\\/\",\"name\":\"Strona G\u0142\u00f3wna - Glow Face\",\"isPartOf\":{\"@id\":\"https:\\\/\\\/glowface.pl\\\/#website\"},\"datePublished\":\"2025-02-26T13:39:52+00:00\",\"dateModified\":\"2025-04-11T22:00:40+00:00\",\"breadcrumb\":{\"@id\":\"https:\\\/\\\/glowface.pl\\\/#breadcrumb\"},\"inLanguage\":\"pl-PL\",\"potentialAction\":[{\"@type\":\"ReadAction\",\"target\":[\"https:\\\/\\\/glowface.pl\\\/\"]}]},{\"@type\":\"BreadcrumbList\",\"@id\":\"https:\\\/\\\/glowface.pl\\\/#breadcrumb\",\"itemListElement\":[{\"@type\":\"ListItem\",\"position\":1,\"name\":\"Strona g\u0142\u00f3wna\",\"item\":\"https:\\\/\\\/glowface.pl\\\/\"},{\"@type\":\"ListItem\",\"position\":2,\"name\":\"Strona G\u0142\u00f3wna\"}]},{\"@type\":\"WebSite\",\"@id\":\"https:\\\/\\\/glowface.pl\\\/#website\",\"url\":\"https:\\\/\\\/glowface.pl\\\/\",\"name\":\"Glow Face\",\"description\":\"Uwolnij napi\u0119cie, podkre\u015bl naturalne pi\u0119kno\",\"publisher\":{\"@id\":\"https:\\\/\\\/glowface.pl\\\/#organization\"},\"potentialAction\":[{\"@type\":\"SearchAction\",\"target\":{\"@type\":\"EntryPoint\",\"urlTemplate\":\"https:\\\/\\\/glowface.pl\\\/?s={search_term_string}\"},\"query-input\":{\"@type\":\"PropertyValueSpecification\",\"valueRequired\":true,\"valueName\":\"search_term_string\"}}],\"inLanguage\":\"pl-PL\"},{\"@type\":\"Organization\",\"@id\":\"https:\\\/\\\/glowface.pl\\\/#organization\",\"name\":\"Glow Face\",\"url\":\"https:\\\/\\\/glowface.pl\\\/\",\"logo\":{\"@type\":\"ImageObject\",\"inLanguage\":\"pl-PL\",\"@id\":\"https:\\\/\\\/glowface.pl\\\/#\\\/schema\\\/logo\\\/image\\\/\",\"url\":\"http:\\\/\\\/glowface.pl\\\/wp-content\\\/uploads\\\/2025\\\/03\\\/logo-with-the-name-glowface-massage-and-peace-of-mind-less-additional-elements-gold-color-text-no-bottom-text.jpg\",\"contentUrl\":\"http:\\\/\\\/glowface.pl\\\/wp-content\\\/uploads\\\/2025\\\/03\\\/logo-with-the-name-glowface-massage-and-peace-of-mind-less-additional-elements-gold-color-text-no-bottom-text.jpg\",\"width\":1024,\"height\":1024,\"caption\":\"Glow Face\"},\"image\":{\"@id\":\"https:\\\/\\\/glowface.pl\\\/#\\\/schema\\\/logo\\\/image\\\/\"},\"sameAs\":[\"https:\\\/\\\/www.instagram.com\\\/glowface.magdalenapasieczna\\\/\"]}]}<\/script>\n<!-- \/ Yoast SEO plugin. -->","yoast_head_json":{"title":"Strona G\u0142\u00f3wna - Glow Face","robots":{"index":"index","follow":"follow","max-snippet":"max-snippet:-1","max-image-preview":"max-image-preview:large","max-video-preview":"max-video-preview:-1"},"canonical":"https:\/\/glowface.pl\/","og_locale":"pl_PL","og_type":"article","og_title":"Strona G\u0142\u00f3wna - Glow Face","og_description":"Glow Face Magdalena Pasieczna to przestrzen\u0301, w kto\u0301rej naturalne terapie spotykaja\u0328 sie\u0328 z g\u0142e\u0328boka\u0328 regeneracja\u0328 i odpre\u0328z\u0307eniem. Specjalizuje\u0328 sie\u0328 w japon\u0301skim masaz\u0307u Kobido, terapii bruksizmu, masaz\u0307u transbukalnym oraz modelowaniu twarzy metoda\u0328 Korugi. Ponadto w mojej ofercie znajdziesz modeluja\u0328cy masaz\u0307 brzucha z elementami terapii wiscelarnej oraz przepony. Je\u015bli interesujesz si\u0119 naturalnymi metodami utrzymania zdrowia i pi\u0119knego, &hellip; Czytaj dalej \u201eStrona G\u0142\u00f3wna\u201d","og_url":"https:\/\/glowface.pl\/","og_site_name":"Glow Face","article_modified_time":"2025-04-11T22:00:40+00:00","twitter_card":"summary_large_image","twitter_misc":{"Szacowany czas czytania":"1 minuta"},"schema":{"@context":"https:\/\/schema.org","@graph":[{"@type":"WebPage","@id":"https:\/\/glowface.pl\/","url":"https:\/\/glowface.pl\/","name":"Strona G\u0142\u00f3wna - Glow Face","isPartOf":{"@id":"https:\/\/glowface.pl\/#website"},"datePublished":"2025-02-26T13:39:52+00:00","dateModified":"2025-04-11T22:00:40+00:00","breadcrumb":{"@id":"https:\/\/glowface.pl\/#breadcrumb"},"inLanguage":"pl-PL","potentialAction":[{"@type":"ReadAction","target":["https:\/\/glowface.pl\/"]}]},{"@type":"BreadcrumbList","@id":"https:\/\/glowface.pl\/#breadcrumb","itemListElement":[{"@type":"ListItem","position":1,"name":"Strona g\u0142\u00f3wna","item":"https:\/\/glowface.pl\/"},{"@type":"ListItem","position":2,"name":"Strona G\u0142\u00f3wna"}]},{"@type":"WebSite","@id":"https:\/\/glowface.pl\/#website","url":"https:\/\/glowface.pl\/","name":"Glow Face","description":"Uwolnij napi\u0119cie, podkre\u015bl naturalne pi\u0119kno","publisher":{"@id":"https:\/\/glowface.pl\/#organization"},"potentialAction":[{"@type":"SearchAction","target":{"@type":"EntryPoint","urlTemplate":"https:\/\/glowface.pl\/?s={search_term_string}"},"query-input":{"@type":"PropertyValueSpecification","valueRequired":true,"valueName":"search_term_string"}}],"inLanguage":"pl-PL"},{"@type":"Organization","@id":"https:\/\/glowface.pl\/#organization","name":"Glow Face","url":"https:\/\/glowface.pl\/","logo":{"@type":"ImageObject","inLanguage":"pl-PL","@id":"https:\/\/glowface.pl\/#\/schema\/logo\/image\/","url":"http:\/\/glowface.pl\/wp-content\/uploads\/2025\/03\/logo-with-the-name-glowface-massage-and-peace-of-mind-less-additional-elements-gold-color-text-no-bottom-text.jpg","contentUrl":"http:\/\/glowface.pl\/wp-content\/uploads\/2025\/03\/logo-with-the-name-glowface-massage-and-peace-of-mind-less-additional-elements-gold-color-text-no-bottom-text.jpg","width":1024,"height":1024,"caption":"Glow Face"},"image":{"@id":"https:\/\/glowface.pl\/#\/schema\/logo\/image\/"},"sameAs":["https:\/\/www.instagram.com\/glowface.magdalenapasieczna\/"]}]}},"_links":{"self":[{"href":"https:\/\/glowface.pl\/index.php\/wp-json\/wp\/v2\/pages\/8","targetHints":{"allow":["GET"]}}],"collection":[{"href":"https:\/\/glowface.pl\/index.php\/wp-json\/wp\/v2\/pages"}],"about":[{"href":"https:\/\/glowface.pl\/index.php\/wp-json\/wp\/v2\/types\/page"}],"author":[{"embeddable":true,"href":"https:\/\/glowface.pl\/index.php\/wp-json\/wp\/v2\/users\/1"}],"replies":[{"embeddable":true,"href":"https:\/\/glowface.pl\/index.php\/wp-json\/wp\/v2\/comments?post=8"}],"version-history":[{"count":16,"href":"https:\/\/glowface.pl\/index.php\/wp-json\/wp\/v2\/pages\/8\/revisions"}],"predecessor-version":[{"id":151,"href":"https:\/\/glowface.pl\/index.php\/wp-json\/wp\/v2\/pages\/8\/revisions\/151"}],"wp:attachment":[{"href":"https:\/\/glowface.pl\/index.php\/wp-json\/wp\/v2\/media?parent=8"}],"curies":[{"name":"wp","href":"https:\/\/api.w.org\/{rel}","templated":true}]}}